{"id":2320,"date":"2026-03-30T10:35:33","date_gmt":"2026-03-30T09:35:33","guid":{"rendered":"https:\/\/www.weandmecfs.org\/?page_id=2320"},"modified":"2026-03-30T11:54:25","modified_gmt":"2026-03-30T10:54:25","slug":"newsletter","status":"publish","type":"page","link":"https:\/\/www.weandmecfs.org\/de\/newsletter\/","title":{"rendered":"Bleiben Sie informiert!"},"content":{"rendered":"\n<p>Die Auseinandersetzung mit ME\/CFS erfordert Ausdauer, fundierte Informationen und eine starke Gemeinschaft. Mit unserem Newsletter m\u00f6chten wir Ihnen eine verl\u00e4ssliche Begleitung bieten und Sie regelm\u00e4\u00dfig \u00fcber die Arbeit von <em>We &amp; ME<\/em> sowie \u00fcber den aktuellen Stand der Forschung und Aufkl\u00e4rung informieren.<\/p>\n\n\n\n<p>Wir verstehen, wie kostbar Energie und Zeit sind. Deshalb konzentrieren wir uns darauf, Ihnen ausschlie\u00dflich wesentliche Entwicklungen und relevante Einblicke direkt in Ihr Postfach zu senden.<\/p>\n\n\n\n<iframe\n    class=\"fso_iframe\"\n    src=\"https:\/\/forms.weandmecfs.org\/embed\/form?formId=3\"\n    sandbox=\"allow-scripts allow-same-origin allow-top-navigation allow-forms allow-popups\"\n    style=\"width: 100%\">\n<\/iframe>\n","protected":false},"excerpt":{"rendered":"<p>Die Auseinandersetzung mit ME\/CFS erfordert Ausdauer, fundierte Informationen und eine starke Gemeinschaft. Mit unserem Newsletter m\u00f6chten wir Ihnen eine verl\u00e4ssliche Begleitung bieten und Sie regelm\u00e4\u00dfig \u00fcber die Arbeit von We &amp; ME sowie \u00fcber den aktuellen Stand der Forschung und Aufkl\u00e4rung informieren. Wir verstehen, wie kostbar Energie und Zeit sind. Deshalb konzentrieren wir uns darauf, [&hellip;]<\/p>\n","protected":false},"author":2,"featured_media":0,"parent":0,"menu_order":0,"comment_status":"closed","ping_status":"closed","template":"newsletter.php","meta":{"_acf_changed":false,"footnotes":""},"class_list":["post-2320","page","type-page","status-publish","hentry"],"acf":[],"yoast_head":"<!-- This site is optimized with the Yoast SEO plugin v27.5 - https:\/\/yoast.com\/product\/yoast-seo-wordpress\/ -->\n<title>Bleiben Sie informiert! &#8226; WE &amp; ME Stiftung<\/title>\n<meta name=\"description\" content=\"Die Auseinandersetzung mit ME\/CFS erfordert Ausdauer, fundierte Informationen und eine starke Gemeinschaft. Mit unserem Newsletter m\u00f6chten wir Ihnen eine\" \/>\n<meta name=\"robots\" content=\"index, follow, max-snippet:-1, max-image-preview:large, max-video-preview:-1\" \/>\n<link rel=\"canonical\" href=\"https:\/\/www.weandmecfs.org\/de\/newsletter\/\" \/>\n<meta property=\"og:locale\" content=\"de_DE\" \/>\n<meta property=\"og:type\" content=\"article\" \/>\n<meta property=\"og:title\" content=\"Bleiben Sie informiert! &#8226; WE &amp; ME Stiftung\" \/>\n<meta property=\"og:description\" content=\"Die Auseinandersetzung mit ME\/CFS erfordert Ausdauer, fundierte Informationen und eine starke Gemeinschaft. Mit unserem Newsletter m\u00f6chten wir Ihnen eine\" \/>\n<meta property=\"og:url\" content=\"https:\/\/www.weandmecfs.org\/de\/newsletter\/\" \/>\n<meta property=\"og:site_name\" content=\"WE &amp; ME Stiftung\" \/>\n<meta property=\"article:modified_time\" content=\"2026-03-30T10:54:25+00:00\" \/>\n<meta property=\"og:image\" content=\"https:\/\/www.weandmecfs.org\/wp-content\/uploads\/2025\/12\/defualt-1400x700-1.jpg\" \/>\n\t<meta property=\"og:image:width\" content=\"1400\" \/>\n\t<meta property=\"og:image:height\" content=\"700\" \/>\n\t<meta property=\"og:image:type\" content=\"image\/jpeg\" \/>\n<meta name=\"twitter:card\" content=\"summary_large_image\" \/>\n<meta name=\"twitter:site\" content=\"@weandmecfs\" \/>\n<meta name=\"twitter:label1\" content=\"Gesch\u00e4tzte Lesezeit\" \/>\n\t<meta name=\"twitter:data1\" content=\"1\u00a0Minute\" \/>\n<script type=\"application\/ld+json\" class=\"yoast-schema-graph\">{\"@context\":\"https:\\\/\\\/schema.org\",\"@graph\":[{\"@type\":\"WebPage\",\"@id\":\"https:\\\/\\\/www.weandmecfs.org\\\/de\\\/newsletter\\\/\",\"url\":\"https:\\\/\\\/www.weandmecfs.org\\\/de\\\/newsletter\\\/\",\"name\":\"Bleiben Sie informiert! &#8226; WE &amp; ME Stiftung\",\"isPartOf\":{\"@id\":\"https:\\\/\\\/www.weandmecfs.org\\\/de\\\/#website\"},\"datePublished\":\"2026-03-30T09:35:33+00:00\",\"dateModified\":\"2026-03-30T10:54:25+00:00\",\"description\":\"Die Auseinandersetzung mit ME\\\/CFS erfordert Ausdauer, fundierte Informationen und eine starke Gemeinschaft. Mit unserem Newsletter m\u00f6chten wir Ihnen eine\",\"breadcrumb\":{\"@id\":\"https:\\\/\\\/www.weandmecfs.org\\\/de\\\/newsletter\\\/#breadcrumb\"},\"inLanguage\":\"de\",\"potentialAction\":[{\"@type\":\"ReadAction\",\"target\":[\"https:\\\/\\\/www.weandmecfs.org\\\/de\\\/newsletter\\\/\"]}]},{\"@type\":\"BreadcrumbList\",\"@id\":\"https:\\\/\\\/www.weandmecfs.org\\\/de\\\/newsletter\\\/#breadcrumb\",\"itemListElement\":[{\"@type\":\"ListItem\",\"position\":1,\"name\":\"Home\",\"item\":\"https:\\\/\\\/www.weandmecfs.org\\\/de\\\/\"},{\"@type\":\"ListItem\",\"position\":2,\"name\":\"Bleiben Sie informiert!\"}]},{\"@type\":\"WebSite\",\"@id\":\"https:\\\/\\\/www.weandmecfs.org\\\/de\\\/#website\",\"url\":\"https:\\\/\\\/www.weandmecfs.org\\\/de\\\/\",\"name\":\"WE&ME Stiftung\",\"description\":\"Raising awareness, funds and support for #ME\\\/CFS.\",\"publisher\":{\"@id\":\"https:\\\/\\\/www.weandmecfs.org\\\/de\\\/#organization\"},\"potentialAction\":[{\"@type\":\"SearchAction\",\"target\":{\"@type\":\"EntryPoint\",\"urlTemplate\":\"https:\\\/\\\/www.weandmecfs.org\\\/de\\\/?s={search_term_string}\"},\"query-input\":{\"@type\":\"PropertyValueSpecification\",\"valueRequired\":true,\"valueName\":\"search_term_string\"}}],\"inLanguage\":\"de\"},{\"@type\":\"Organization\",\"@id\":\"https:\\\/\\\/www.weandmecfs.org\\\/de\\\/#organization\",\"name\":\"WE&ME Foundation\",\"url\":\"https:\\\/\\\/www.weandmecfs.org\\\/de\\\/\",\"logo\":{\"@type\":\"ImageObject\",\"inLanguage\":\"de\",\"@id\":\"https:\\\/\\\/www.weandmecfs.org\\\/de\\\/#\\\/schema\\\/logo\\\/image\\\/\",\"url\":\"https:\\\/\\\/www.weandmecfs.org\\\/wp-content\\\/uploads\\\/2025\\\/11\\\/logo.svg\",\"contentUrl\":\"https:\\\/\\\/www.weandmecfs.org\\\/wp-content\\\/uploads\\\/2025\\\/11\\\/logo.svg\",\"width\":1,\"height\":1,\"caption\":\"WE&ME Foundation\"},\"image\":{\"@id\":\"https:\\\/\\\/www.weandmecfs.org\\\/de\\\/#\\\/schema\\\/logo\\\/image\\\/\"},\"sameAs\":[\"https:\\\/\\\/x.com\\\/weandmecfs\",\"https:\\\/\\\/www.instagram.com\\\/weandmecfs\\\/\",\"https:\\\/\\\/www.linkedin.com\\\/company\\\/we-me-foundation\\\/\"]}]}<\/script>\n<!-- \/ Yoast SEO plugin. -->","yoast_head_json":{"title":"Bleiben Sie informiert! &#8226; WE &amp; ME Stiftung","description":"Die Auseinandersetzung mit ME\/CFS erfordert Ausdauer, fundierte Informationen und eine starke Gemeinschaft. Mit unserem Newsletter m\u00f6chten wir Ihnen eine","robots":{"index":"index","follow":"follow","max-snippet":"max-snippet:-1","max-image-preview":"max-image-preview:large","max-video-preview":"max-video-preview:-1"},"canonical":"https:\/\/www.weandmecfs.org\/de\/newsletter\/","og_locale":"de_DE","og_type":"article","og_title":"Bleiben Sie informiert! &#8226; WE &amp; ME Stiftung","og_description":"Die Auseinandersetzung mit ME\/CFS erfordert Ausdauer, fundierte Informationen und eine starke Gemeinschaft. Mit unserem Newsletter m\u00f6chten wir Ihnen eine","og_url":"https:\/\/www.weandmecfs.org\/de\/newsletter\/","og_site_name":"WE &amp; ME Stiftung","article_modified_time":"2026-03-30T10:54:25+00:00","og_image":[{"width":1400,"height":700,"url":"https:\/\/www.weandmecfs.org\/wp-content\/uploads\/2025\/12\/defualt-1400x700-1.jpg","type":"image\/jpeg"}],"twitter_card":"summary_large_image","twitter_site":"@weandmecfs","twitter_misc":{"Gesch\u00e4tzte Lesezeit":"1\u00a0Minute"},"schema":{"@context":"https:\/\/schema.org","@graph":[{"@type":"WebPage","@id":"https:\/\/www.weandmecfs.org\/de\/newsletter\/","url":"https:\/\/www.weandmecfs.org\/de\/newsletter\/","name":"Bleiben Sie informiert! &#8226; WE &amp; ME Stiftung","isPartOf":{"@id":"https:\/\/www.weandmecfs.org\/de\/#website"},"datePublished":"2026-03-30T09:35:33+00:00","dateModified":"2026-03-30T10:54:25+00:00","description":"Die Auseinandersetzung mit ME\/CFS erfordert Ausdauer, fundierte Informationen und eine starke Gemeinschaft. Mit unserem Newsletter m\u00f6chten wir Ihnen eine","breadcrumb":{"@id":"https:\/\/www.weandmecfs.org\/de\/newsletter\/#breadcrumb"},"inLanguage":"de","potentialAction":[{"@type":"ReadAction","target":["https:\/\/www.weandmecfs.org\/de\/newsletter\/"]}]},{"@type":"BreadcrumbList","@id":"https:\/\/www.weandmecfs.org\/de\/newsletter\/#breadcrumb","itemListElement":[{"@type":"ListItem","position":1,"name":"Home","item":"https:\/\/www.weandmecfs.org\/de\/"},{"@type":"ListItem","position":2,"name":"Bleiben Sie informiert!"}]},{"@type":"WebSite","@id":"https:\/\/www.weandmecfs.org\/de\/#website","url":"https:\/\/www.weandmecfs.org\/de\/","name":"WE&ME Stiftung","description":"Raising awareness, funds and support for #ME\/CFS.","publisher":{"@id":"https:\/\/www.weandmecfs.org\/de\/#organization"},"potentialAction":[{"@type":"SearchAction","target":{"@type":"EntryPoint","urlTemplate":"https:\/\/www.weandmecfs.org\/de\/?s={search_term_string}"},"query-input":{"@type":"PropertyValueSpecification","valueRequired":true,"valueName":"search_term_string"}}],"inLanguage":"de"},{"@type":"Organization","@id":"https:\/\/www.weandmecfs.org\/de\/#organization","name":"WE&ME Foundation","url":"https:\/\/www.weandmecfs.org\/de\/","logo":{"@type":"ImageObject","inLanguage":"de","@id":"https:\/\/www.weandmecfs.org\/de\/#\/schema\/logo\/image\/","url":"https:\/\/www.weandmecfs.org\/wp-content\/uploads\/2025\/11\/logo.svg","contentUrl":"https:\/\/www.weandmecfs.org\/wp-content\/uploads\/2025\/11\/logo.svg","width":1,"height":1,"caption":"WE&ME Foundation"},"image":{"@id":"https:\/\/www.weandmecfs.org\/de\/#\/schema\/logo\/image\/"},"sameAs":["https:\/\/x.com\/weandmecfs","https:\/\/www.instagram.com\/weandmecfs\/","https:\/\/www.linkedin.com\/company\/we-me-foundation\/"]}]}},"_links":{"self":[{"href":"https:\/\/www.weandmecfs.org\/de\/wp-json\/wp\/v2\/pages\/2320","targetHints":{"allow":["GET"]}}],"collection":[{"href":"https:\/\/www.weandmecfs.org\/de\/wp-json\/wp\/v2\/pages"}],"about":[{"href":"https:\/\/www.weandmecfs.org\/de\/wp-json\/wp\/v2\/types\/page"}],"author":[{"embeddable":true,"href":"https:\/\/www.weandmecfs.org\/de\/wp-json\/wp\/v2\/users\/2"}],"replies":[{"embeddable":true,"href":"https:\/\/www.weandmecfs.org\/de\/wp-json\/wp\/v2\/comments?post=2320"}],"version-history":[{"count":3,"href":"https:\/\/www.weandmecfs.org\/de\/wp-json\/wp\/v2\/pages\/2320\/revisions"}],"predecessor-version":[{"id":2333,"href":"https:\/\/www.weandmecfs.org\/de\/wp-json\/wp\/v2\/pages\/2320\/revisions\/2333"}],"wp:attachment":[{"href":"https:\/\/www.weandmecfs.org\/de\/wp-json\/wp\/v2\/media?parent=2320"}],"curies":[{"name":"wp","href":"https:\/\/api.w.org\/{rel}","templated":true}]}}