{"id":2384,"date":"2026-04-24T07:58:52","date_gmt":"2026-04-24T06:58:52","guid":{"rendered":"https:\/\/www.weandmecfs.org\/?page_id=2384"},"modified":"2026-05-04T07:26:26","modified_gmt":"2026-05-04T06:26:26","slug":"petition","status":"publish","type":"page","link":"https:\/\/www.weandmecfs.org\/de\/petition\/","title":{"rendered":"ME\/CFS Petition"},"content":{"rendered":"\n<h2 class=\"wp-block-heading\"><strong>Wochen der Weichenstellung<\/strong><\/h2>\n\n\n\n<h2 class=\"wp-block-heading has-medium-font-size\"><strong>Die gemeinn\u00fctzige<\/strong> <strong>WE&amp;ME-Stiftung gegr\u00fcndet durch die Familie Str\u00f6ck unterst\u00fctzt <a href=\"https:\/\/www.openpetition.eu\/at\/petition\/online\/pais-aktionsplan-ohne-betroffene-diese-mindestanforderungen-muessen-im-aktionsplan-verankert-werden\" type=\"link\" id=\"https:\/\/www.openpetition.de\/\" target=\"_blank\" rel=\"noreferrer noopener\">Petition der Betroffeneninitiative \u00d6G<\/a> f\u00fcr rasche Ma\u00dfnahmen f\u00fcr faire Versorgung<\/strong><\/h2>\n\n\n<div class=\"wp-block-image is-style-default\">\n<figure class=\"aligncenter size-large\"><a href=\"https:\/\/www.openpetition.eu\/at\/petition\/online\/pais-aktionsplan-ohne-betroffene-diese-mindestanforderungen-muessen-im-aktionsplan-verankert-werden\" target=\"_blank\" rel=\" noreferrer noopener\"><img loading=\"lazy\" width=\"1024\" height=\"576\" src=\"https:\/\/www.weandmecfs.org\/wp-content\/uploads\/2026\/05\/Petition_2026_OeG_Querformat-1024x576.png\" alt=\"Eine wei\u00dfe T\u00fcr mit schwarz-gelbem Warnband und einem Kein Zutritt-Schild. Text ruft zu einer Petition auf: Mindestanforderungen jetzt verbindlich verankern mit einem Aufruf zum Unterschreiben und dem \u00d6G ME\/CFS-Logo unten rechts.\" class=\"wp-image-2598\" srcset=\"https:\/\/www.weandmecfs.org\/wp-content\/uploads\/2026\/05\/Petition_2026_OeG_Querformat-1024x576.png 1024w, https:\/\/www.weandmecfs.org\/wp-content\/uploads\/2026\/05\/Petition_2026_OeG_Querformat-300x169.png 300w, https:\/\/www.weandmecfs.org\/wp-content\/uploads\/2026\/05\/Petition_2026_OeG_Querformat-768x432.png 768w, https:\/\/www.weandmecfs.org\/wp-content\/uploads\/2026\/05\/Petition_2026_OeG_Querformat-720x405.png 720w, https:\/\/www.weandmecfs.org\/wp-content\/uploads\/2026\/05\/Petition_2026_OeG_Querformat.png 1920w\" sizes=\"(max-width: 1024px) 100vw, 1024px\" \/><\/a><\/figure>\n<\/div>\n\n\n<p><\/p>\n\n\n\n<p>2024 wurde in \u00d6sterreich nach umfassender Einbeziehung von Betroffenen sowie Expertinnen und Experten ein <strong>Nationaler Aktionsplan<\/strong> mit den notwendigen Ma\u00dfnahmen f\u00fcr eine faire medizinische Versorgung und soziale Absicherung von an PAIS erkrankten Menschen verabschiedet. Die schwerste dieser postakuten Infektionserkrankungen ist ME\/CFS mit gesch\u00e4tzten 40 Millionen Betroffenen weltweit, davon 80.000 in \u00d6sterreich.<\/p>\n\n\n\n<p>Nach Widerstand einzelner L\u00e4nder und Sozialversicherungen wird dieser Nationale Aktionsplan derzeit \u00fcberarbeitet und d\u00fcrfte in den n\u00e4chsten Monaten in einer neuen Version in der <strong>Bundeszielsteuerungskommission<\/strong> von Bund, L\u00e4ndern und Sozialversicherungen beschlossen werden.<\/p>\n\n\n\n<p>An dieser \u00dcberarbeitung wurden die Betroffenen und die meisten Experten nicht beteiligt. Die WE&amp;ME-Stiftung teilt daher die Bef\u00fcrchtung der Betroffenen, dass der Ma\u00dfnahmenplan ausgeh\u00f6hlt und stark abgeschw\u00e4cht werden soll und unterst\u00fctzt daher die Petition der Betroffenen-Initiative \u00d6G. <\/p>\n\n\n\n<p>Die Online-Petition der Betroffenen kann ab <strong>3. Mai 2026 bis Ende Juni <\/strong>auf der Website OpenPetition unter diesem <a href=\"https:\/\/www.openpetition.eu\/at\/petition\/online\/pais-aktionsplan-ohne-betroffene-diese-mindestanforderungen-muessen-im-aktionsplan-verankert-werden\" type=\"link\" id=\"https:\/\/www.openpetition.eu\/at\/petition\/online\/pais-aktionsplan-ohne-betroffene-diese-mindestanforderungen-muessen-im-aktionsplan-verankert-werden\" target=\"_blank\" rel=\"noreferrer noopener\">Link<\/a>: <a href=\"http:\/\/openpetition.org\/kgnmf\" type=\"link\" id=\"openpetition.org\/kgnmf\" target=\"_blank\" rel=\"noreferrer noopener\">openpetition.org\/kgnmf<\/a> unterzeichnet werden. Sie soll den politischen Druck verst\u00e4rken, damit die <strong>notwendigsten Ma\u00dfnahmen f\u00fcr eine faire Versorgung der Betroffenen<\/strong> rasch verwirklicht werden. <br><br>Dazu z\u00e4hlt<\/p>\n\n\n\n<ul class=\"wp-block-list\">\n<li>eine gute medizinische Betreuung durch <strong>Anlaufstellen und Behandlungszentren<\/strong> (inkl. aufsuchender Betreuung und telemedizinischer Betreuung) der L\u00e4nder<\/li>\n\n\n\n<li>ein Schwerpunkt f\u00fcr <strong>Aus- und Weiterbildung<\/strong> f\u00fcr die Besonderheiten der ME\/CFS-Erkrankung bei Gesundheits- und Sozialberufen,<\/li>\n\n\n\n<li>eine gute <strong>soziale Absicherung<\/strong> durch unabh\u00e4ngige Begutachtung und verbesserte Ausbildung der Gutachter<\/li>\n\n\n\n<li>eine <strong>Forschungsoffensive<\/strong> nach dem Vorbildung Deutschlands und damit in Relation zur Bev\u00f6lkerungszahl auf zehn Jahre jeweils f\u00fcnf Millionen Euro sowie eine Initiative \u00d6sterreichs f\u00fcr einen europaweiten Forschungsschwerpunkt<\/li>\n\n\n\n<li>die l\u00e4ngerfristige Absicherung des wissenschaftlichen <strong>Referenzzentrums<\/strong> in Wien<\/li>\n<\/ul>\n\n\n\n<p> Viele der Erkrankten haben derzeit keine akzeptable Versorgung. Sie d\u00fcrfen nicht l\u00e4nger im Stich gelassen werden. Die Beschlussfassung \u00fcber einen neuen Aktionsplan wird die Entscheidung bringen, ob \u00d6sterreich endlich eine faire Versorgung der Betroffenen verwirklicht. Es ist allerh\u00f6chste Zeit!<\/p>\n\n\n\n<div class=\"wp-block-group alignfull has-text-color has-background\" style=\"color:#000000;background-color:#ffffff\"><div class=\"wp-block-group__inner-container is-layout-flow wp-block-group-is-layout-flow\">\n<h2 class=\"wp-block-heading has-text-align-center\">Unterst\u00fctzen Sie die Petition jetzt.<\/h2>\n\n\n\n<h2 class=\"wp-block-heading has-text-align-center has-text-color has-link-color wp-elements-f9c2eee2769b706c9bcc5d6822ab13ce\" id=\"schedule-a-visit\" style=\"color:#2e73db;font-size:59px;line-height:1.15\"><strong>Jetzt handeln!<\/strong><\/h2>\n\n\n\n<div class=\"wp-block-buttons is-horizontal is-content-justification-center is-layout-flex wp-container-core-buttons-is-layout-499968f5 wp-block-buttons-is-layout-flex\">\n<div class=\"wp-block-button has-custom-width wp-block-button__width-75 is-style-fill\"><a class=\"wp-block-button__link has-text-color has-background has-medium-font-size has-custom-font-size wp-element-button\" href=\"https:\/\/www.openpetition.eu\/at\/petition\/online\/pais-aktionsplan-ohne-betroffene-diese-mindestanforderungen-muessen-im-aktionsplan-verankert-werden\" style=\"border-radius:50px;color:#ffffff;background:linear-gradient(135deg,rgb(171,212,186) 0%,rgb(46,115,219) 100%);font-style:normal;font-weight:700\" target=\"_blank\" rel=\"noreferrer noopener\">Hier Petition unterzeichnen!<\/a><\/div>\n<\/div>\n\n\n\n<p><\/p>\n\n\n\n<p class=\"has-text-align-center\">Setzen Sie ein Zeichen f\u00fcr echte Ver\u00e4nderung.<\/p>\n\n\n\n<p class=\"has-text-align-center\"><strong>\u279c Petition unterzeichnen<\/strong><\/p>\n\n\n\n<p class=\"has-text-align-center\"><strong>\u279c Beitrag teilen<\/strong><\/p>\n\n\n\n<p class=\"has-text-align-center\"><strong>\u279c Sichtbarkeit schaffen<\/strong><\/p>\n<\/div><\/div>\n","protected":false},"excerpt":{"rendered":"<p>Jetzt unterschreiben!<\/p>\n","protected":false},"author":5,"featured_media":2602,"parent":0,"menu_order":0,"comment_status":"closed","ping_status":"closed","template":"","meta":{"_acf_changed":false,"footnotes":""},"class_list":["post-2384","page","type-page","status-publish","has-post-thumbnail","hentry"],"acf":[],"yoast_head":"<!-- This site is optimized with the Yoast SEO plugin v27.5 - https:\/\/yoast.com\/product\/yoast-seo-wordpress\/ -->\n<title>ME\/CFS Petition &#8226; WE &amp; ME Stiftung<\/title>\n<meta name=\"description\" content=\"Jetzt unterschreiben!\" \/>\n<meta name=\"robots\" content=\"index, follow, max-snippet:-1, max-image-preview:large, max-video-preview:-1\" \/>\n<link rel=\"canonical\" href=\"https:\/\/www.weandmecfs.org\/de\/petition\/\" \/>\n<meta property=\"og:locale\" content=\"de_DE\" \/>\n<meta property=\"og:type\" content=\"article\" \/>\n<meta property=\"og:title\" content=\"ME\/CFS Petition &#8226; WE &amp; ME Stiftung\" \/>\n<meta property=\"og:description\" content=\"Jetzt unterschreiben!\" \/>\n<meta property=\"og:url\" content=\"https:\/\/www.weandmecfs.org\/de\/petition\/\" \/>\n<meta property=\"og:site_name\" content=\"WE &amp; ME Stiftung\" \/>\n<meta property=\"article:modified_time\" content=\"2026-05-04T06:26:26+00:00\" \/>\n<meta property=\"og:image\" content=\"https:\/\/www.weandmecfs.org\/wp-content\/uploads\/2026\/05\/Petition_2026_OeG.png\" \/>\n\t<meta property=\"og:image:width\" content=\"1080\" \/>\n\t<meta property=\"og:image:height\" content=\"1350\" \/>\n\t<meta property=\"og:image:type\" content=\"image\/png\" \/>\n<meta name=\"twitter:card\" content=\"summary_large_image\" \/>\n<meta name=\"twitter:site\" content=\"@weandmecfs\" \/>\n<meta name=\"twitter:label1\" content=\"Gesch\u00e4tzte Lesezeit\" \/>\n\t<meta name=\"twitter:data1\" content=\"3\u00a0Minuten\" \/>\n<script type=\"application\/ld+json\" class=\"yoast-schema-graph\">{\"@context\":\"https:\\\/\\\/schema.org\",\"@graph\":[{\"@type\":\"WebPage\",\"@id\":\"https:\\\/\\\/www.weandmecfs.org\\\/de\\\/petition\\\/\",\"url\":\"https:\\\/\\\/www.weandmecfs.org\\\/de\\\/petition\\\/\",\"name\":\"ME\\\/CFS Petition &#8226; WE &amp; ME Stiftung\",\"isPartOf\":{\"@id\":\"https:\\\/\\\/www.weandmecfs.org\\\/de\\\/#website\"},\"primaryImageOfPage\":{\"@id\":\"https:\\\/\\\/www.weandmecfs.org\\\/de\\\/petition\\\/#primaryimage\"},\"image\":{\"@id\":\"https:\\\/\\\/www.weandmecfs.org\\\/de\\\/petition\\\/#primaryimage\"},\"thumbnailUrl\":\"https:\\\/\\\/www.weandmecfs.org\\\/wp-content\\\/uploads\\\/2026\\\/05\\\/Petition_2026_OeG.png\",\"datePublished\":\"2026-04-24T06:58:52+00:00\",\"dateModified\":\"2026-05-04T06:26:26+00:00\",\"description\":\"Jetzt unterschreiben!\",\"breadcrumb\":{\"@id\":\"https:\\\/\\\/www.weandmecfs.org\\\/de\\\/petition\\\/#breadcrumb\"},\"inLanguage\":\"de\",\"potentialAction\":[{\"@type\":\"ReadAction\",\"target\":[\"https:\\\/\\\/www.weandmecfs.org\\\/de\\\/petition\\\/\"]}]},{\"@type\":\"ImageObject\",\"inLanguage\":\"de\",\"@id\":\"https:\\\/\\\/www.weandmecfs.org\\\/de\\\/petition\\\/#primaryimage\",\"url\":\"https:\\\/\\\/www.weandmecfs.org\\\/wp-content\\\/uploads\\\/2026\\\/05\\\/Petition_2026_OeG.png\",\"contentUrl\":\"https:\\\/\\\/www.weandmecfs.org\\\/wp-content\\\/uploads\\\/2026\\\/05\\\/Petition_2026_OeG.png\",\"width\":1080,\"height\":1350,\"caption\":\"Eine wei\u00dfe, mit gelbem und schwarzem Warnband versperrte T\u00fcr mit der Aufschrift Kein Zutritt. Der Text daneben ruft dazu auf, eine Petition f\u00fcr den PAIS-Aktionsplan zu unterzeichnen, ohne die Betroffenen anzugeben, und fordert dazu auf, Mindestanforderungen festzulegen.\"},{\"@type\":\"BreadcrumbList\",\"@id\":\"https:\\\/\\\/www.weandmecfs.org\\\/de\\\/petition\\\/#breadcrumb\",\"itemListElement\":[{\"@type\":\"ListItem\",\"position\":1,\"name\":\"Home\",\"item\":\"https:\\\/\\\/www.weandmecfs.org\\\/de\\\/\"},{\"@type\":\"ListItem\",\"position\":2,\"name\":\"ME\\\/CFS Petition\"}]},{\"@type\":\"WebSite\",\"@id\":\"https:\\\/\\\/www.weandmecfs.org\\\/de\\\/#website\",\"url\":\"https:\\\/\\\/www.weandmecfs.org\\\/de\\\/\",\"name\":\"WE&ME Stiftung\",\"description\":\"Raising awareness, funds and support for #ME\\\/CFS.\",\"publisher\":{\"@id\":\"https:\\\/\\\/www.weandmecfs.org\\\/de\\\/#organization\"},\"potentialAction\":[{\"@type\":\"SearchAction\",\"target\":{\"@type\":\"EntryPoint\",\"urlTemplate\":\"https:\\\/\\\/www.weandmecfs.org\\\/de\\\/?s={search_term_string}\"},\"query-input\":{\"@type\":\"PropertyValueSpecification\",\"valueRequired\":true,\"valueName\":\"search_term_string\"}}],\"inLanguage\":\"de\"},{\"@type\":\"Organization\",\"@id\":\"https:\\\/\\\/www.weandmecfs.org\\\/de\\\/#organization\",\"name\":\"WE&ME Foundation\",\"url\":\"https:\\\/\\\/www.weandmecfs.org\\\/de\\\/\",\"logo\":{\"@type\":\"ImageObject\",\"inLanguage\":\"de\",\"@id\":\"https:\\\/\\\/www.weandmecfs.org\\\/de\\\/#\\\/schema\\\/logo\\\/image\\\/\",\"url\":\"https:\\\/\\\/www.weandmecfs.org\\\/wp-content\\\/uploads\\\/2025\\\/11\\\/logo.svg\",\"contentUrl\":\"https:\\\/\\\/www.weandmecfs.org\\\/wp-content\\\/uploads\\\/2025\\\/11\\\/logo.svg\",\"width\":1,\"height\":1,\"caption\":\"WE&ME Foundation\"},\"image\":{\"@id\":\"https:\\\/\\\/www.weandmecfs.org\\\/de\\\/#\\\/schema\\\/logo\\\/image\\\/\"},\"sameAs\":[\"https:\\\/\\\/x.com\\\/weandmecfs\",\"https:\\\/\\\/www.instagram.com\\\/weandmecfs\\\/\",\"https:\\\/\\\/www.linkedin.com\\\/company\\\/we-me-foundation\\\/\"]}]}<\/script>\n<!-- \/ Yoast SEO plugin. -->","yoast_head_json":{"title":"ME\/CFS Petition &#8226; WE &amp; ME Stiftung","description":"Jetzt unterschreiben!","robots":{"index":"index","follow":"follow","max-snippet":"max-snippet:-1","max-image-preview":"max-image-preview:large","max-video-preview":"max-video-preview:-1"},"canonical":"https:\/\/www.weandmecfs.org\/de\/petition\/","og_locale":"de_DE","og_type":"article","og_title":"ME\/CFS Petition &#8226; WE &amp; ME Stiftung","og_description":"Jetzt unterschreiben!","og_url":"https:\/\/www.weandmecfs.org\/de\/petition\/","og_site_name":"WE &amp; ME Stiftung","article_modified_time":"2026-05-04T06:26:26+00:00","og_image":[{"width":1080,"height":1350,"url":"https:\/\/www.weandmecfs.org\/wp-content\/uploads\/2026\/05\/Petition_2026_OeG.png","type":"image\/png"}],"twitter_card":"summary_large_image","twitter_site":"@weandmecfs","twitter_misc":{"Gesch\u00e4tzte Lesezeit":"3\u00a0Minuten"},"schema":{"@context":"https:\/\/schema.org","@graph":[{"@type":"WebPage","@id":"https:\/\/www.weandmecfs.org\/de\/petition\/","url":"https:\/\/www.weandmecfs.org\/de\/petition\/","name":"ME\/CFS Petition &#8226; WE &amp; ME Stiftung","isPartOf":{"@id":"https:\/\/www.weandmecfs.org\/de\/#website"},"primaryImageOfPage":{"@id":"https:\/\/www.weandmecfs.org\/de\/petition\/#primaryimage"},"image":{"@id":"https:\/\/www.weandmecfs.org\/de\/petition\/#primaryimage"},"thumbnailUrl":"https:\/\/www.weandmecfs.org\/wp-content\/uploads\/2026\/05\/Petition_2026_OeG.png","datePublished":"2026-04-24T06:58:52+00:00","dateModified":"2026-05-04T06:26:26+00:00","description":"Jetzt unterschreiben!","breadcrumb":{"@id":"https:\/\/www.weandmecfs.org\/de\/petition\/#breadcrumb"},"inLanguage":"de","potentialAction":[{"@type":"ReadAction","target":["https:\/\/www.weandmecfs.org\/de\/petition\/"]}]},{"@type":"ImageObject","inLanguage":"de","@id":"https:\/\/www.weandmecfs.org\/de\/petition\/#primaryimage","url":"https:\/\/www.weandmecfs.org\/wp-content\/uploads\/2026\/05\/Petition_2026_OeG.png","contentUrl":"https:\/\/www.weandmecfs.org\/wp-content\/uploads\/2026\/05\/Petition_2026_OeG.png","width":1080,"height":1350,"caption":"Eine wei\u00dfe, mit gelbem und schwarzem Warnband versperrte T\u00fcr mit der Aufschrift Kein Zutritt. Der Text daneben ruft dazu auf, eine Petition f\u00fcr den PAIS-Aktionsplan zu unterzeichnen, ohne die Betroffenen anzugeben, und fordert dazu auf, Mindestanforderungen festzulegen."},{"@type":"BreadcrumbList","@id":"https:\/\/www.weandmecfs.org\/de\/petition\/#breadcrumb","itemListElement":[{"@type":"ListItem","position":1,"name":"Home","item":"https:\/\/www.weandmecfs.org\/de\/"},{"@type":"ListItem","position":2,"name":"ME\/CFS Petition"}]},{"@type":"WebSite","@id":"https:\/\/www.weandmecfs.org\/de\/#website","url":"https:\/\/www.weandmecfs.org\/de\/","name":"WE&ME Stiftung","description":"Raising awareness, funds and support for #ME\/CFS.","publisher":{"@id":"https:\/\/www.weandmecfs.org\/de\/#organization"},"potentialAction":[{"@type":"SearchAction","target":{"@type":"EntryPoint","urlTemplate":"https:\/\/www.weandmecfs.org\/de\/?s={search_term_string}"},"query-input":{"@type":"PropertyValueSpecification","valueRequired":true,"valueName":"search_term_string"}}],"inLanguage":"de"},{"@type":"Organization","@id":"https:\/\/www.weandmecfs.org\/de\/#organization","name":"WE&ME Foundation","url":"https:\/\/www.weandmecfs.org\/de\/","logo":{"@type":"ImageObject","inLanguage":"de","@id":"https:\/\/www.weandmecfs.org\/de\/#\/schema\/logo\/image\/","url":"https:\/\/www.weandmecfs.org\/wp-content\/uploads\/2025\/11\/logo.svg","contentUrl":"https:\/\/www.weandmecfs.org\/wp-content\/uploads\/2025\/11\/logo.svg","width":1,"height":1,"caption":"WE&ME Foundation"},"image":{"@id":"https:\/\/www.weandmecfs.org\/de\/#\/schema\/logo\/image\/"},"sameAs":["https:\/\/x.com\/weandmecfs","https:\/\/www.instagram.com\/weandmecfs\/","https:\/\/www.linkedin.com\/company\/we-me-foundation\/"]}]}},"_links":{"self":[{"href":"https:\/\/www.weandmecfs.org\/de\/wp-json\/wp\/v2\/pages\/2384","targetHints":{"allow":["GET"]}}],"collection":[{"href":"https:\/\/www.weandmecfs.org\/de\/wp-json\/wp\/v2\/pages"}],"about":[{"href":"https:\/\/www.weandmecfs.org\/de\/wp-json\/wp\/v2\/types\/page"}],"author":[{"embeddable":true,"href":"https:\/\/www.weandmecfs.org\/de\/wp-json\/wp\/v2\/users\/5"}],"replies":[{"embeddable":true,"href":"https:\/\/www.weandmecfs.org\/de\/wp-json\/wp\/v2\/comments?post=2384"}],"version-history":[{"count":50,"href":"https:\/\/www.weandmecfs.org\/de\/wp-json\/wp\/v2\/pages\/2384\/revisions"}],"predecessor-version":[{"id":2622,"href":"https:\/\/www.weandmecfs.org\/de\/wp-json\/wp\/v2\/pages\/2384\/revisions\/2622"}],"wp:featuredmedia":[{"embeddable":true,"href":"https:\/\/www.weandmecfs.org\/de\/wp-json\/wp\/v2\/media\/2602"}],"wp:attachment":[{"href":"https:\/\/www.weandmecfs.org\/de\/wp-json\/wp\/v2\/media?parent=2384"}],"curies":[{"name":"wp","href":"https:\/\/api.w.org\/{rel}","templated":true}]}}