{"id":62,"date":"2025-11-27T05:46:49","date_gmt":"2025-11-27T05:46:49","guid":{"rendered":"https:\/\/www.weandmecfs.org\/?page_id=62"},"modified":"2025-12-12T03:43:46","modified_gmt":"2025-12-12T03:43:46","slug":"privacy","status":"publish","type":"page","link":"https:\/\/www.weandmecfs.org\/de\/privacy\/","title":{"rendered":"Datenschutzerkl\u00e4rung"},"content":{"rendered":"\n<h2 class=\"wp-block-heading\">DATENSCHUTZBESTIMMUNGEN<\/h2>\n\n\n\n<h3 class=\"wp-block-heading h4\">EIN \u00dcBERBLICK \u00dcBER DEN DATENSCHUTZ<\/h3>\n\n\n\n<p><strong>Allgemeine Informationen:<\/strong><\/p>\n\n\n\n<p>Die folgenden Informationen geben Ihnen einen leicht verst\u00e4ndlichen \u00dcberblick dar\u00fcber, was mit Ihren personenbezogenen Daten passiert, wenn Sie diese Website besuchen. Der Begriff &#8222;personenbezogene Daten&#8220; umfasst alle Daten, mit denen Sie pers\u00f6nlich identifiziert werden k\u00f6nnen. Ausf\u00fchrliche Informationen zum Thema Datenschutz finden Sie in unserer Datenschutzerkl\u00e4rung, die wir Ihnen im Anschluss an dieses Exemplar zur Verf\u00fcgung stellen.<\/p>\n\n\n\n<p><strong>Datenerfassung auf dieser Website:<\/strong><\/p>\n\n\n\n<p><strong>Wer ist der Verantwortliche f\u00fcr die Erfassung von Daten auf dieser Website (d.h. der &#8222;f\u00fcr die Verarbeitung Verantwortliche&#8220;)?<\/strong><\/p>\n\n\n\n<p>Die Daten auf dieser Website werden vom Betreiber der Website verarbeitet, dessen Kontaktinformationen im Abschnitt &#8222;Informationen \u00fcber die verantwortliche Stelle (in der DSGVO als &#8222;f\u00fcr die Verarbeitung Verantwortlicher&#8220; bezeichnet)&#8220; in dieser Datenschutzrichtlinie zu finden sind.<\/p>\n\n\n\n<p><strong>Wie erfassen wir Ihre Daten?<\/strong><\/p>\n\n\n\n<p>Wir erheben Ihre Daten, wenn Sie uns Ihre Daten zur Verf\u00fcgung stellen. Andere Daten werden von unseren IT-Systemen automatisch oder mit Ihrer Zustimmung w\u00e4hrend Ihres Besuchs der Website erfasst. Bei diesen Daten handelt es sich in erster Linie um technische Informationen (z.B. Webbrowser, Betriebssystem oder Zeitpunkt des Zugriffs auf die Website). Diese Informationen werden automatisch erfasst, wenn Sie auf diese Website zugreifen.<\/p>\n\n\n\n<p><strong>F\u00fcr welche Zwecke verwenden wir Ihre Daten?<\/strong><\/p>\n\n\n\n<p>Ein Teil der Informationen wird generiert, um die fehlerfreie Bereitstellung der Website zu gew\u00e4hrleisten. Andere Daten k\u00f6nnen verwendet werden, um Ihr Nutzungsverhalten zu analysieren.<\/p>\n\n\n\n<p><strong>Welche Rechte haben Sie in Bezug auf Ihre Daten?<\/strong><\/p>\n\n\n\n<p>Sie haben das Recht, jederzeit Auskunft \u00fcber Herkunft, Empf\u00e4nger und Verwendungszweck Ihrer archivierten personenbezogenen Daten zu erhalten, ohne dass hierf\u00fcr eine Geb\u00fchr anf\u00e4llt. Sie haben auch das Recht, die Berichtigung oder L\u00f6schung Ihrer Daten zu verlangen. Wenn Sie in die Datenverarbeitung eingewilligt haben, haben Sie die M\u00f6glichkeit, diese Einwilligung jederzeit zu widerrufen, mit Wirkung f\u00fcr die Zukunft. Au\u00dferdem haben Sie das Recht zu verlangen, dass die Verarbeitung Ihrer Daten unter bestimmten Umst\u00e4nden eingeschr\u00e4nkt wird. Dar\u00fcber hinaus haben Sie das Recht, sich bei der zust\u00e4ndigen Aufsichtsbeh\u00f6rde zu beschweren. Bitte z\u00f6gern Sie nicht, uns jederzeit zu kontaktieren, wenn Sie Fragen zu diesem oder anderen datenschutzrelevanten Themen haben.<\/p>\n\n\n\n<p><strong>Analysetools und von Dritten bereitgestellte Tools:<\/strong><\/p>\n\n\n\n<p>Es besteht die M\u00f6glichkeit, dass Ihr Surfverhalten bei Ihrem Besuch auf dieser Website statistisch ausgewertet wird. Solche Analysen werden in erster Linie mit so genannten Analyseprogrammen durchgef\u00fchrt, \u00fcber die Sie sich in unserer Datenschutzerkl\u00e4rung informieren k\u00f6nnen.<\/p>\n\n\n\n<h3 class=\"wp-block-heading h4\">ALLGEMEINE INFORMATIONEN UND OBLIGATORISCHE INFORMATIONEN<\/h3>\n\n\n\n<p><strong>Datenschutz:<\/strong><\/p>\n\n\n\n<p>Die Betreiber dieser Website und ihrer Seiten nehmen den Schutz Ihrer pers\u00f6nlichen Daten sehr ernst. Deshalb behandeln wir Ihre personenbezogenen Daten vertraulich und entsprechend der gesetzlichen Datenschutzvorschriften sowie dieser Datenschutzerkl\u00e4rung.Wenn Sie diese Website nutzen, werden verschiedene personenbezogene Daten erhoben. Personenbezogene Daten sind Daten, mit denen Sie pers\u00f6nlich identifiziert werden k\u00f6nnen. Diese Datenschutzerkl\u00e4rung erl\u00e4utert, welche Daten wir erheben und zu welchen Zwecken wir diese Daten verwenden. Wir weisen Sie darauf hin, dass die Daten\u00fcbertragung im Internet (z.B. bei der Kommunikation per E-Mail) Sicherheitsl\u00fccken aufweisen kann. Ein l\u00fcckenloser Schutz der Daten vor dem Zugriff durch Dritte ist nicht m\u00f6glich.<\/p>\n\n\n\n<p><strong>Informationen \u00fcber die verantwortliche Partei (in der Datenschutz-Grundverordnung als &#8222;f\u00fcr die Verarbeitung Verantwortlicher&#8220; bezeichnet):<\/strong><\/p>\n\n\n\n<p>Der f\u00fcr die Datenverarbeitung auf dieser Website Verantwortliche ist:<\/p>\n\n\n\n<p>WE&amp;ME Stiftung<br>Eiswerkstra\u00dfe 18<br>1220 Wien<br>\u00d6sterreich<\/p>\n\n\n\n<p>Name: Gabriele Str\u00f6ck<\/p>\n\n\n\n<p>Telefon: [Auf Anfrage]<br>E-Mail: Datenschutz@weandmecfs.org<\/p>\n\n\n\n<p>Der f\u00fcr die Verarbeitung Verantwortliche ist die nat\u00fcrliche oder juristische Person, die allein oder gemeinsam mit anderen \u00fcber die Zwecke und Mittel der Verarbeitung personenbezogener Daten (z. B. Namen, E-Mail-Adressen usw.) entscheidet.<\/p>\n\n\n\n<p><strong>Dauer der Lagerung:<\/strong><\/p>\n\n\n\n<p>Sofern in dieser Datenschutzerkl\u00e4rung keine genauere Aufbewahrungsfrist angegeben ist, verbleiben Ihre personenbezogenen Daten bei uns, bis der Zweck, zu dem sie erhoben wurden, entf\u00e4llt. Wenn Sie einen begr\u00fcndeten Antrag auf L\u00f6schung stellen oder Ihre Einwilligung zur Datenverarbeitung widerrufen, werden Ihre Daten gel\u00f6scht, es sei denn, wir haben andere gesetzlich zul\u00e4ssige Gr\u00fcnde f\u00fcr die Speicherung Ihrer personenbezogenen Daten (z. B. steuer- oder handelsrechtliche Aufbewahrungsfristen); im letzteren Fall erfolgt die L\u00f6schung nach Wegfall dieser Gr\u00fcnde.<\/p>\n\n\n\n<p><strong>Allgemeine Informationen \u00fcber die Rechtsgrundlage f\u00fcr die Datenverarbeitung auf dieser Website:<\/strong><\/p>\n\n\n\n<p>Wenn Sie in die Datenverarbeitung eingewilligt haben, verarbeiten wir Ihre personenbezogenen Daten auf der Grundlage von Art. 6(1)(a) GDPR oder Art. 9 (2)(a) GDPR, wenn besondere Kategorien von Daten gem\u00e4\u00df Art. 9 (1) DSGVO. Im Falle einer ausdr\u00fccklichen Einwilligung in die \u00dcbermittlung personenbezogener Daten in Drittstaaten beruht die Datenverarbeitung auch auf Art. 49 (1)(a) DSGVO. Wenn Sie in die Speicherung von Cookies oder in den Zugriff auf Informationen in Ihrem Endger\u00e4t (z.B. \u00fcber Device Fingerprinting) eingewilligt haben, beruht die Datenverarbeitung zus\u00e4tzlich auf \u00a7 25 (1) TTDSG. Die Einwilligung kann jederzeit widerrufen werden. Soweit Ihre Daten zur Erf\u00fcllung eines Vertrages oder zur Durchf\u00fchrung vorvertraglicher Ma\u00dfnahmen erforderlich sind, verarbeiten wir Ihre Daten auf der Grundlage von Art. 6(1)(b) GDPR. Sind Ihre Daten dar\u00fcber hinaus f\u00fcr die Erf\u00fcllung einer rechtlichen Verpflichtung erforderlich, verarbeiten wir sie auf der Grundlage von Art. 6(1)(c) GDPR. Dar\u00fcber hinaus kann die Datenverarbeitung auf der Grundlage unseres berechtigten Interesses gem\u00e4\u00df Art. 6(1)(f) GDPR erfolgen. Informationen zu den jeweiligen Rechtsgrundlagen im Einzelfall finden Sie in den folgenden Abschnitten dieser Datenschutzerkl\u00e4rung.<\/p>\n\n\n\n<p><strong>Informationen zur Daten\u00fcbermittlung in die USA und andere Nicht-EU-L\u00e4nder:<\/strong><\/p>\n\n\n\n<p>Wir nutzen unter anderem Tools von Unternehmen mit Sitz in den Vereinigten Staaten oder anderen aus datenschutzrechtlicher Sicht unsicheren Nicht-EU-L\u00e4ndern. Wenn diese Tools aktiv sind, k\u00f6nnen Ihre personenbezogenen Daten m\u00f6glicherweise in diese Nicht-EU-L\u00e4nder \u00fcbertragen und dort verarbeitet werden. Wir m\u00fcssen darauf hinweisen, dass in diesen L\u00e4ndern ein mit der EU vergleichbares Datenschutzniveau nicht gew\u00e4hrleistet werden kann. So sind beispielsweise US-Unternehmen verpflichtet, personenbezogene Daten an die Sicherheitsbeh\u00f6rden weiterzugeben, und Sie als betroffene Person haben keine M\u00f6glichkeiten, sich vor Gericht zu wehren. Es kann daher nicht ausgeschlossen werden, dass US-Beh\u00f6rden (z.B. der Secret Service) Ihre personenbezogenen Daten zu \u00dcberwachungszwecken verarbeiten, auswerten und dauerhaft archivieren. Auf diese Verarbeitungsvorg\u00e4nge haben wir keinen Einfluss.<\/p>\n\n\n\n<p><strong>Widerruf der Einwilligung in die Datenverarbeitung:<\/strong><\/p>\n\n\n\n<p>Eine Vielzahl von Datenverarbeitungsvorg\u00e4ngen ist nur mit Ihrer ausdr\u00fccklichen Zustimmung m\u00f6glich. Auch eine bereits erteilte Einwilligung k\u00f6nnen Sie jederzeit widerrufen. Die Rechtm\u00e4\u00dfigkeit der bis zum Widerruf erfolgten Datenerhebung bleibt hiervon unber\u00fchrt.<\/p>\n\n\n\n<p><strong>Recht auf Widerspruch gegen die Datenerhebung in besonderen F\u00e4llen; Recht auf Widerspruch gegen Direktwerbung (Art. 21 GDPR):<\/strong><\/p>\n\n\n\n<p>F\u00dcR DEN FALL, DASS DATEN AUF DER GRUNDLAGE VON ART. 6(1)(E) ODER (F) GDPR VERARBEITET WERDEN, HABEN SIE DAS RECHT, AUS GR\u00dcNDEN, DIE SICH AUS IHRER BESONDEREN SITUATION ERGEBEN, JEDERZEIT GEGEN DIE VERARBEITUNG IHRER PERSONENBEZOGENEN DATEN WIDERSPRUCH EINZULEGEN. DIES GILT AUCH F\u00dcR EIN AUF DIESE BESTIMMUNGEN GEST\u00dcTZTES PROFILING. DIE RECHTSGRUNDLAGE, AUF DIE SICH EINE DATENVERARBEITUNG ST\u00dcTZT, K\u00d6NNEN SIE IN DIESER DATENSCHUTZERKL\u00c4RUNG NACHLESEN. WENN SIE WIDERSPRUCH EINLEGEN, WERDEN WIR IHRE BETROFFENEN PERSONENBEZOGENEN DATEN NICHT MEHR VERARBEITEN, ES SEI DENN, WIR K\u00d6NNEN ZWINGENDE SCHUTZW\u00dcRDIGE GR\u00dcNDE F\u00dcR DIE VERARBEITUNG IHRER DATEN VORWEISEN, DIE IHRE INTERESSEN, RECHTE UND FREIHEITEN \u00dcBERWIEGEN, ODER DER ZWECK DER VERARBEITUNG DIENT DER GELTENDMACHUNG, AUS\u00dcBUNG ODER VERTEIDIGUNG VON RECHTSANSPR\u00dcCHEN (WIDERSPRUCH GEM. ART. 21(1) GDPR). WERDEN IHRE PERSONENBEZOGENEN DATEN VERARBEITET, UM DIREKTWERBUNG ZU BETREIBEN, HABEN SIE DAS RECHT, JEDERZEIT GEGEN DIE VERARBEITUNG DER SIE BETREFFENDEN PERSONENBEZOGENEN DATEN ZUM ZWECKE DERARTIGER WERBUNG WIDERSPRUCH EINZULEGEN. DIES GILT AUCH F\u00dcR DAS PROFILING, SOWEIT ES MIT SOLCHER DIREKTWERBUNG IN VERBINDUNG STEHT. WENN SIE WIDERSPRECHEN, WERDEN IHRE PERSONENBEZOGENEN DATEN IN DER FOLGE NICHT MEHR F\u00dcR ZWECKE DER DIREKTWERBUNG GENUTZT (WIDERSPRUCH GEM. ART. 21(2) GDPR).<\/p>\n\n\n\n<p><strong>Recht auf Einreichung einer Beschwerde bei der zust\u00e4ndigen Aufsichtsbeh\u00f6rde:<\/strong><\/p>\n\n\n\n<p>Im Falle von Verst\u00f6\u00dfen gegen die DSGVO haben betroffene Personen das Recht, eine Beschwerde bei einer Aufsichtsbeh\u00f6rde einzureichen, insbesondere in dem Mitgliedstaat, in dem sie gew\u00f6hnlich ihren Wohnsitz, ihren Arbeitsplatz oder den Ort haben, an dem der mutma\u00dfliche Versto\u00df stattgefunden hat. Das Recht, eine Beschwerde einzureichen, gilt unabh\u00e4ngig von allen anderen Verwaltungs- oder Gerichtsverfahren, die als Rechtsmittel zur Verf\u00fcgung stehen.<\/p>\n\n\n\n<p><strong>Recht auf Daten\u00fcbertragbarkeit:<\/strong><\/p>\n\n\n\n<p>Sie haben das Recht zu verlangen, dass wir Ihnen oder einem Dritten die Daten, die wir aufgrund Ihrer Einwilligung oder zur Erf\u00fcllung eines Vertrages automatisiert verarbeiten, in einem g\u00e4ngigen, maschinenlesbaren Format aush\u00e4ndigen. Sollten Sie die direkte \u00dcbermittlung der Daten an einen anderen f\u00fcr die Verarbeitung Verantwortlichen verlangen, wird dies nur geschehen, wenn es technisch machbar ist.<\/p>\n\n\n\n<p><strong>Auskunft \u00fcber, Berichtigung und L\u00f6schung von Daten:<\/strong><\/p>\n\n\n\n<p>Sie haben im Rahmen der geltenden gesetzlichen Bestimmungen das Recht, jederzeit Auskunft \u00fcber Ihre archivierten personenbezogenen Daten, deren Herkunft und Empf\u00e4nger sowie den Zweck der Verarbeitung Ihrer Daten zu verlangen. Dar\u00fcber hinaus haben Sie gegebenenfalls ein Recht auf Berichtigung oder L\u00f6schung Ihrer Daten. Wenn Sie Fragen zu diesem Thema oder andere Fragen zum Thema personenbezogene Daten haben, k\u00f6nnen Sie sich jederzeit an uns wenden.<\/p>\n\n\n\n<p><strong>Recht auf Einschr\u00e4nkung der Verarbeitung:<\/strong><\/p>\n\n\n\n<p>Sie haben das Recht, die Einschr\u00e4nkung der Verarbeitung Ihrer personenbezogenen Daten zu verlangen. Zu diesem Zweck k\u00f6nnen Sie sich jederzeit an uns wenden. Das Recht, die Einschr\u00e4nkung der Verarbeitung zu verlangen, gilt in den folgenden F\u00e4llen:<\/p>\n\n\n\n<p>&#8211; Sollten Sie die Richtigkeit Ihrer bei uns gespeicherten Daten bestreiten, ben\u00f6tigen wir in der Regel eine gewisse Zeit, um diese Behauptung zu \u00fcberpr\u00fcfen. W\u00e4hrend dieser Pr\u00fcfung haben Sie das Recht zu verlangen, dass wir die Verarbeitung Ihrer personenbezogenen Daten einschr\u00e4nken.<\/p>\n\n\n\n<p>&#8211; Wenn die Verarbeitung Ihrer personenbezogenen Daten in unrechtm\u00e4\u00dfiger Weise erfolgte\/erfolgt, haben Sie die M\u00f6glichkeit, anstelle der L\u00f6schung dieser Daten die Einschr\u00e4nkung der Verarbeitung Ihrer Daten zu verlangen.<\/p>\n\n\n\n<p>&#8211; Wenn wir Ihre personenbezogenen Daten nicht mehr ben\u00f6tigen und Sie diese zur Aus\u00fcbung, Verteidigung oder Geltendmachung von Rechtsanspr\u00fcchen ben\u00f6tigen, haben Sie das Recht, anstelle der L\u00f6schung die Einschr\u00e4nkung der Verarbeitung Ihrer personenbezogenen Daten zu verlangen.<\/p>\n\n\n\n<p>&#8211; Wenn Sie einen Widerspruch gem\u00e4\u00df Art. 21(1) DSGVO eingelegt haben, m\u00fcssen Ihre Rechte und unsere Rechte gegeneinander abgewogen werden. Solange nicht feststeht, wessen Interessen \u00fcberwiegen, haben Sie das Recht, eine Einschr\u00e4nkung der Verarbeitung Ihrer personenbezogenen Daten zu verlangen. Wenn Sie die Verarbeitung Ihrer personenbezogenen Daten eingeschr\u00e4nkt haben, d\u00fcrfen diese Daten &#8211; mit Ausnahme ihrer Archivierung &#8211; nur mit Ihrer Einwilligung oder zur Geltendmachung, Aus\u00fcbung oder Verteidigung von Rechtsanspr\u00fcchen oder zum Schutz der Rechte anderer nat\u00fcrlicher oder juristischer Personen oder aus wichtigen Gr\u00fcnden des \u00f6ffentlichen Interesses, die von der Europ\u00e4ischen Union oder einem Mitgliedstaat der EU angef\u00fchrt werden, verarbeitet werden.<\/p>\n\n\n\n<p><strong>SSL- und\/oder TLS-Verschl\u00fcsselung:<\/strong><\/p>\n\n\n\n<p>Aus Sicherheitsgr\u00fcnden und zum Schutz der \u00dcbertragung vertraulicher Inhalte, wie z.B. Bestellungen oder Anfragen, die Sie an uns als Betreiber der Website richten, verwendet diese Website entweder ein SSL- oder ein TLS-Verschl\u00fcsselungsprogramm. Eine verschl\u00fcsselte Verbindung erkennen Sie daran, dass die Adresszeile des Browsers von &#8222;http:\/\/&#8220; auf &#8222;https:\/\/&#8220; wechselt und das Schloss-Symbol in der Browserzeile erscheint.<\/p>\n\n\n\n<h3 class=\"wp-block-heading h4\">AUFZEICHNUNG VON DATEN AUF DIESER WEBSITE<\/h3>\n\n\n\n<p><strong>Server-Protokolldateien:<\/strong><\/p>\n\n\n\n<p>Der Provider dieser Website und ihrer Seiten erhebt und speichert automatisch Informationen in so genannten Server-Log-Files, die Ihr Browser automatisch an uns \u00fcbermittelt.Die Informationen umfassen:- den Typ und die Version des verwendeten Browsers- das verwendete Betriebssystem- Referrer URL- den Hostnamen des zugreifenden Rechners- die Uhrzeit der Serveranfrage- die IP-AdresseDiese Daten werden nicht mit anderen Datenquellen zusammengef\u00fchrt.Diese Daten werden auf Grundlage von Art. 6(1)(f) GDPR erhoben. Der Betreiber der Website hat ein berechtigtes Interesse an der technisch fehlerfreien Darstellung und an der Optimierung der Website des Betreibers. Um dies zu erreichen, m\u00fcssen Server-Logfiles aufgezeichnet werden.<\/p>\n\n\n\n<p><strong>Anfrage per E-Mail, Telefon oder Fax:<\/strong><\/p>\n\n\n\n<p>Wenn Sie sich per E-Mail, Telefon oder Fax an uns wenden, werden Ihre Anfrage und die sich daraus ergebenden personenbezogenen Daten (Name, Anliegen) von uns zum Zweck der Bearbeitung Ihrer Anfrage gespeichert und verarbeitet. Wir geben diese Daten nicht ohne Ihre Einwilligung weiter, sondern verarbeiten sie auf der Grundlage von Art. 6(1)(b) GDPR verarbeitet, wenn Ihre Anfrage im Zusammenhang mit der Erf\u00fcllung eines Vertrages steht oder zur Durchf\u00fchrung vorvertraglicher Ma\u00dfnahmen erforderlich ist. In allen anderen F\u00e4llen erfolgt die Verarbeitung der Daten auf Grundlage unseres berechtigten Interesses an der effektiven Bearbeitung der an uns gerichteten Anfragen (Art. 6 Abs. 1 lit. f) DSGVO) oder auf Grundlage Ihrer Einwilligung (Art. 6 Abs. 1 lit. a) DSGVO), sofern diese eingeholt wurde; die Einwilligung kann jederzeit widerrufen werden.Die von Ihnen per Kontaktanfrage an uns \u00fcbermittelten Daten verbleiben bei uns, bis Sie uns zur L\u00f6schung auffordern, Ihre Einwilligung zur Speicherung widerrufen oder der Zweck f\u00fcr die Datenspeicherung entf\u00e4llt (z.B. nach Erledigung Ihrer Anfrage). Zwingende gesetzliche Bestimmungen &#8211; insbesondere gesetzliche Aufbewahrungsfristen &#8211; bleiben hiervon unber\u00fchrt.<\/p>\n","protected":false},"excerpt":{"rendered":"<p>DATENSCHUTZBESTIMMUNGEN EIN \u00dcBERBLICK \u00dcBER DEN DATENSCHUTZ Allgemeine Informationen: Die folgenden Informationen geben Ihnen einen leicht verst\u00e4ndlichen \u00dcberblick dar\u00fcber, was mit Ihren personenbezogenen Daten passiert, wenn Sie diese Website besuchen. Der Begriff &#8222;personenbezogene Daten&#8220; umfasst alle Daten, mit denen Sie pers\u00f6nlich identifiziert werden k\u00f6nnen. Ausf\u00fchrliche Informationen zum Thema Datenschutz finden Sie in unserer Datenschutzerkl\u00e4rung, die wir [&hellip;]<\/p>\n","protected":false},"author":1,"featured_media":0,"parent":0,"menu_order":0,"comment_status":"closed","ping_status":"closed","template":"","meta":{"_acf_changed":false,"footnotes":""},"class_list":["post-62","page","type-page","status-publish","hentry"],"acf":[],"yoast_head":"<!-- This site is optimized with the Yoast SEO plugin v27.2 - https:\/\/yoast.com\/product\/yoast-seo-wordpress\/ -->\n<title>Datenschutzerkl\u00e4rung &#8226; WE &amp; ME Stiftung<\/title>\n<meta name=\"description\" content=\"Raising awareness, funds and support for #ME\/CFS.\" \/>\n<meta name=\"robots\" content=\"index, follow, max-snippet:-1, max-image-preview:large, max-video-preview:-1\" \/>\n<link rel=\"canonical\" href=\"https:\/\/www.weandmecfs.org\/de\/privacy\/\" \/>\n<meta property=\"og:locale\" content=\"de_DE\" \/>\n<meta property=\"og:type\" content=\"article\" \/>\n<meta property=\"og:title\" content=\"Datenschutzerkl\u00e4rung &#8226; WE &amp; ME Stiftung\" \/>\n<meta property=\"og:description\" content=\"Raising awareness, funds and support for #ME\/CFS.\" \/>\n<meta property=\"og:url\" content=\"https:\/\/www.weandmecfs.org\/de\/privacy\/\" \/>\n<meta property=\"og:site_name\" content=\"WE &amp; ME Stiftung\" \/>\n<meta property=\"article:modified_time\" content=\"2025-12-12T03:43:46+00:00\" \/>\n<meta property=\"og:image\" content=\"https:\/\/www.weandmecfs.org\/wp-content\/uploads\/2025\/12\/defualt-1400x700-1.jpg\" \/>\n\t<meta property=\"og:image:width\" content=\"1400\" \/>\n\t<meta property=\"og:image:height\" content=\"700\" \/>\n\t<meta property=\"og:image:type\" content=\"image\/jpeg\" \/>\n<meta name=\"twitter:card\" content=\"summary_large_image\" \/>\n<meta name=\"twitter:site\" content=\"@weandmecfs\" \/>\n<meta name=\"twitter:label1\" content=\"Gesch\u00e4tzte Lesezeit\" \/>\n\t<meta name=\"twitter:data1\" content=\"9\u00a0Minuten\" \/>\n<script type=\"application\/ld+json\" class=\"yoast-schema-graph\">{\"@context\":\"https:\/\/schema.org\",\"@graph\":[{\"@type\":\"WebPage\",\"@id\":\"https:\/\/www.weandmecfs.org\/de\/privacy\/\",\"url\":\"https:\/\/www.weandmecfs.org\/de\/privacy\/\",\"name\":\"Datenschutzerkl\u00e4rung &#8226; WE &amp; ME Stiftung\",\"isPartOf\":{\"@id\":\"https:\/\/www.weandmecfs.org\/de\/#website\"},\"datePublished\":\"2025-11-27T05:46:49+00:00\",\"dateModified\":\"2025-12-12T03:43:46+00:00\",\"description\":\"Raising awareness, funds and support for #ME\/CFS.\",\"breadcrumb\":{\"@id\":\"https:\/\/www.weandmecfs.org\/de\/privacy\/#breadcrumb\"},\"inLanguage\":\"de\",\"potentialAction\":[{\"@type\":\"ReadAction\",\"target\":[\"https:\/\/www.weandmecfs.org\/de\/privacy\/\"]}]},{\"@type\":\"BreadcrumbList\",\"@id\":\"https:\/\/www.weandmecfs.org\/de\/privacy\/#breadcrumb\",\"itemListElement\":[{\"@type\":\"ListItem\",\"position\":1,\"name\":\"Home\",\"item\":\"https:\/\/www.weandmecfs.org\/de\/\"},{\"@type\":\"ListItem\",\"position\":2,\"name\":\"Datenschutzerkl\u00e4rung\"}]},{\"@type\":\"WebSite\",\"@id\":\"https:\/\/www.weandmecfs.org\/de\/#website\",\"url\":\"https:\/\/www.weandmecfs.org\/de\/\",\"name\":\"WE&ME Stiftung\",\"description\":\"Raising awareness, funds and support for #ME\/CFS.\",\"publisher\":{\"@id\":\"https:\/\/www.weandmecfs.org\/de\/#organization\"},\"potentialAction\":[{\"@type\":\"SearchAction\",\"target\":{\"@type\":\"EntryPoint\",\"urlTemplate\":\"https:\/\/www.weandmecfs.org\/de\/?s={search_term_string}\"},\"query-input\":{\"@type\":\"PropertyValueSpecification\",\"valueRequired\":true,\"valueName\":\"search_term_string\"}}],\"inLanguage\":\"de\"},{\"@type\":\"Organization\",\"@id\":\"https:\/\/www.weandmecfs.org\/de\/#organization\",\"name\":\"WE&ME Foundation\",\"url\":\"https:\/\/www.weandmecfs.org\/de\/\",\"logo\":{\"@type\":\"ImageObject\",\"inLanguage\":\"de\",\"@id\":\"https:\/\/www.weandmecfs.org\/de\/#\/schema\/logo\/image\/\",\"url\":\"https:\/\/www.weandmecfs.org\/wp-content\/uploads\/2025\/11\/logo.svg\",\"contentUrl\":\"https:\/\/www.weandmecfs.org\/wp-content\/uploads\/2025\/11\/logo.svg\",\"width\":1,\"height\":1,\"caption\":\"WE&ME Foundation\"},\"image\":{\"@id\":\"https:\/\/www.weandmecfs.org\/de\/#\/schema\/logo\/image\/\"},\"sameAs\":[\"https:\/\/x.com\/weandmecfs\",\"https:\/\/www.instagram.com\/weandmecfs\/\",\"https:\/\/www.linkedin.com\/company\/we-me-foundation\/\"]}]}<\/script>\n<!-- \/ Yoast SEO plugin. -->","yoast_head_json":{"title":"Datenschutzerkl\u00e4rung &#8226; WE &amp; ME Stiftung","description":"Raising awareness, funds and support for #ME\/CFS.","robots":{"index":"index","follow":"follow","max-snippet":"max-snippet:-1","max-image-preview":"max-image-preview:large","max-video-preview":"max-video-preview:-1"},"canonical":"https:\/\/www.weandmecfs.org\/de\/privacy\/","og_locale":"de_DE","og_type":"article","og_title":"Datenschutzerkl\u00e4rung &#8226; WE &amp; ME Stiftung","og_description":"Raising awareness, funds and support for #ME\/CFS.","og_url":"https:\/\/www.weandmecfs.org\/de\/privacy\/","og_site_name":"WE &amp; ME Stiftung","article_modified_time":"2025-12-12T03:43:46+00:00","og_image":[{"width":1400,"height":700,"url":"https:\/\/www.weandmecfs.org\/wp-content\/uploads\/2025\/12\/defualt-1400x700-1.jpg","type":"image\/jpeg"}],"twitter_card":"summary_large_image","twitter_site":"@weandmecfs","twitter_misc":{"Gesch\u00e4tzte Lesezeit":"9\u00a0Minuten"},"schema":{"@context":"https:\/\/schema.org","@graph":[{"@type":"WebPage","@id":"https:\/\/www.weandmecfs.org\/de\/privacy\/","url":"https:\/\/www.weandmecfs.org\/de\/privacy\/","name":"Datenschutzerkl\u00e4rung &#8226; WE &amp; ME Stiftung","isPartOf":{"@id":"https:\/\/www.weandmecfs.org\/de\/#website"},"datePublished":"2025-11-27T05:46:49+00:00","dateModified":"2025-12-12T03:43:46+00:00","description":"Raising awareness, funds and support for #ME\/CFS.","breadcrumb":{"@id":"https:\/\/www.weandmecfs.org\/de\/privacy\/#breadcrumb"},"inLanguage":"de","potentialAction":[{"@type":"ReadAction","target":["https:\/\/www.weandmecfs.org\/de\/privacy\/"]}]},{"@type":"BreadcrumbList","@id":"https:\/\/www.weandmecfs.org\/de\/privacy\/#breadcrumb","itemListElement":[{"@type":"ListItem","position":1,"name":"Home","item":"https:\/\/www.weandmecfs.org\/de\/"},{"@type":"ListItem","position":2,"name":"Datenschutzerkl\u00e4rung"}]},{"@type":"WebSite","@id":"https:\/\/www.weandmecfs.org\/de\/#website","url":"https:\/\/www.weandmecfs.org\/de\/","name":"WE&ME Stiftung","description":"Raising awareness, funds and support for #ME\/CFS.","publisher":{"@id":"https:\/\/www.weandmecfs.org\/de\/#organization"},"potentialAction":[{"@type":"SearchAction","target":{"@type":"EntryPoint","urlTemplate":"https:\/\/www.weandmecfs.org\/de\/?s={search_term_string}"},"query-input":{"@type":"PropertyValueSpecification","valueRequired":true,"valueName":"search_term_string"}}],"inLanguage":"de"},{"@type":"Organization","@id":"https:\/\/www.weandmecfs.org\/de\/#organization","name":"WE&ME Foundation","url":"https:\/\/www.weandmecfs.org\/de\/","logo":{"@type":"ImageObject","inLanguage":"de","@id":"https:\/\/www.weandmecfs.org\/de\/#\/schema\/logo\/image\/","url":"https:\/\/www.weandmecfs.org\/wp-content\/uploads\/2025\/11\/logo.svg","contentUrl":"https:\/\/www.weandmecfs.org\/wp-content\/uploads\/2025\/11\/logo.svg","width":1,"height":1,"caption":"WE&ME Foundation"},"image":{"@id":"https:\/\/www.weandmecfs.org\/de\/#\/schema\/logo\/image\/"},"sameAs":["https:\/\/x.com\/weandmecfs","https:\/\/www.instagram.com\/weandmecfs\/","https:\/\/www.linkedin.com\/company\/we-me-foundation\/"]}]}},"_links":{"self":[{"href":"https:\/\/www.weandmecfs.org\/de\/wp-json\/wp\/v2\/pages\/62","targetHints":{"allow":["GET"]}}],"collection":[{"href":"https:\/\/www.weandmecfs.org\/de\/wp-json\/wp\/v2\/pages"}],"about":[{"href":"https:\/\/www.weandmecfs.org\/de\/wp-json\/wp\/v2\/types\/page"}],"author":[{"embeddable":true,"href":"https:\/\/www.weandmecfs.org\/de\/wp-json\/wp\/v2\/users\/1"}],"replies":[{"embeddable":true,"href":"https:\/\/www.weandmecfs.org\/de\/wp-json\/wp\/v2\/comments?post=62"}],"version-history":[{"count":7,"href":"https:\/\/www.weandmecfs.org\/de\/wp-json\/wp\/v2\/pages\/62\/revisions"}],"predecessor-version":[{"id":1311,"href":"https:\/\/www.weandmecfs.org\/de\/wp-json\/wp\/v2\/pages\/62\/revisions\/1311"}],"wp:attachment":[{"href":"https:\/\/www.weandmecfs.org\/de\/wp-json\/wp\/v2\/media?parent=62"}],"curies":[{"name":"wp","href":"https:\/\/api.w.org\/{rel}","templated":true}]}}