{"id":64,"date":"2025-11-27T05:49:13","date_gmt":"2025-11-27T05:49:13","guid":{"rendered":"https:\/\/www.weandmecfs.org\/?page_id=64"},"modified":"2026-03-13T10:12:53","modified_gmt":"2026-03-13T09:12:53","slug":"legal","status":"publish","type":"page","link":"https:\/\/www.weandmecfs.org\/de\/legal\/","title":{"rendered":"Impressum"},"content":{"rendered":"\n<h4 class=\"wp-block-heading h4\">Rechtlicher Hinweis<\/h4>\n\n\n\n<p>WE&amp;ME Stiftung (ehemals TEMPI Stiftung)<\/p>\n\n\n\n<p>Hauptsitz in Wien<br>SourcePIN 9110028705922<\/p>\n\n\n\n<p>Hauptregister: Erg\u00e4nzungsregister f\u00fcr andere betroffene Personen<\/p>\n\n\n\n<h4 class=\"wp-block-heading h4\">Vorstand<\/h4>\n\n\n\n<p>Vorstandsvorsitzender: Gerhard Str\u00f6ck<br>Amtierender Vorstandsvorsitzender: Gabriele Str\u00f6ck<\/p>\n\n\n\n<p>gemeinn\u00fctzige Stiftung (\u00a74b EstG 1988, hinsichtlich Zuwendungen zur Verm\u00f6gensausstattung und ggf. hinsichtlich Spenden) : ZG-18163<\/p>\n\n\n\n<p><a href=\"https:\/\/service.bmf.gv.at\/service\/allg\/spenden\/ListebeguenstigterEinrichtungen.pdf\">https:\/\/service.bmf.gv.at\/service\/allg\/spenden\/ListebeguenstigterEinrichtungen.pdf<\/a><\/p>\n\n\n\n<p>Reg.Nr. Spendeng\u00fctesiegel: 06294<\/p>\n\n\n\n<p><a href=\"https:\/\/www.osgs.at\/organisationen\/we-me-stiftung\">https:\/\/www.osgs.at\/organisationen\/we-me-stiftung<\/a><\/p>\n\n\n\n<h4 class=\"wp-block-heading h4\">Kontakt<\/h4>\n\n\n\n<p>E-Mail: <a href=\"mailto:office@weandmecfs.org\">contact@weandmecfs.org<\/a><\/p>\n\n\n\n<p>Gr\u00fcndungsort und Postanschrift:<br>Eiswerkstra\u00dfe 18<br>1220 Wien<\/p>\n\n\n\n<p>We &amp; Me Stiftung &#8211; gemeinn\u00fctzige Stiftung zur Unterst\u00fctzung von Betroffenen und zur Erforschung nicht diagnostizierter Krankheiten ist eine gemeinn\u00fctzige Stiftung und wurde vom Amt der Wiener Landesregierung errichtet. Erste Eintragung durch das Bundesministerium f\u00fcr Inneres am 17.02.2020.<\/p>\n\n\n\n<p>&nbsp;<\/p>\n\n\n\n<h4 class=\"wp-block-heading h4\">Verantwortlich f\u00fcr Spendenwerbung: Ulla Epler<\/h4>\n\n\n\n<h4 class=\"wp-block-heading h4\">Verantwortliche Person f\u00fcr die Verwendung der Spenden: Gerhard Str\u00f6ck<\/h4>\n\n\n\n<h4 class=\"wp-block-heading h4\">Verantwortlich f\u00fcr den Inhalt: Gabriele Str\u00f6ck<\/h4>\n\n\n\n<p>Alle Urheberrechte liegen bei der We &amp; Me Stiftung (ehemals TEMPI Stiftung)<\/p>\n\n\n\n<p>&nbsp;<\/p>\n\n\n\n<h4 class=\"wp-block-heading h4\">Haftungsausschluss<\/h4>\n\n\n\n<p>Trotz sorgf\u00e4ltiger inhaltlicher Kontrolle \u00fcbernehmen wir keine Haftung f\u00fcr die Inhalte externer Links. F\u00fcr den Inhalt der verlinkten Seiten sind ausschlie\u00dflich deren Betreiber verantwortlich.<\/p>\n","protected":false},"excerpt":{"rendered":"<p>Rechtlicher Hinweis WE&amp;ME Stiftung (ehemals TEMPI Stiftung) Hauptsitz in WienSourcePIN 9110028705922 Hauptregister: Erg\u00e4nzungsregister f\u00fcr andere betroffene Personen Vorstand Vorstandsvorsitzender: Gerhard Str\u00f6ckAmtierender Vorstandsvorsitzender: Gabriele Str\u00f6ck gemeinn\u00fctzige Stiftung (\u00a74b EstG 1988, hinsichtlich Zuwendungen zur Verm\u00f6gensausstattung und ggf. hinsichtlich Spenden) : ZG-18163 https:\/\/service.bmf.gv.at\/service\/allg\/spenden\/ListebeguenstigterEinrichtungen.pdf Reg.Nr. Spendeng\u00fctesiegel: 06294 https:\/\/www.osgs.at\/organisationen\/we-me-stiftung Kontakt E-Mail: contact@weandmecfs.org Gr\u00fcndungsort und Postanschrift:Eiswerkstra\u00dfe 181220 Wien We &amp; Me [&hellip;]<\/p>\n","protected":false},"author":1,"featured_media":0,"parent":0,"menu_order":0,"comment_status":"closed","ping_status":"closed","template":"","meta":{"_acf_changed":false,"footnotes":""},"class_list":["post-64","page","type-page","status-publish","hentry"],"acf":[],"yoast_head":"<!-- This site is optimized with the Yoast SEO plugin v27.5 - https:\/\/yoast.com\/product\/yoast-seo-wordpress\/ -->\n<title>Impressum &#8226; WE &amp; ME Stiftung<\/title>\n<meta name=\"description\" content=\"Bewusstsein, Mittel und Unterst\u00fctzung f\u00fcr #ME\/CFS zu sammeln.\" \/>\n<meta name=\"robots\" content=\"index, follow, max-snippet:-1, max-image-preview:large, max-video-preview:-1\" \/>\n<link rel=\"canonical\" href=\"https:\/\/www.weandmecfs.org\/de\/legal\/\" \/>\n<meta property=\"og:locale\" content=\"de_DE\" \/>\n<meta property=\"og:type\" content=\"article\" \/>\n<meta property=\"og:title\" content=\"Impressum &#8226; WE &amp; ME Stiftung\" \/>\n<meta property=\"og:description\" content=\"Bewusstsein, Mittel und Unterst\u00fctzung f\u00fcr #ME\/CFS zu sammeln.\" \/>\n<meta property=\"og:url\" content=\"https:\/\/www.weandmecfs.org\/de\/legal\/\" \/>\n<meta property=\"og:site_name\" content=\"WE &amp; ME Stiftung\" \/>\n<meta property=\"article:modified_time\" content=\"2026-03-13T09:12:53+00:00\" \/>\n<meta property=\"og:image\" content=\"https:\/\/www.weandmecfs.org\/wp-content\/uploads\/2025\/12\/defualt-1400x700-1.jpg\" \/>\n\t<meta property=\"og:image:width\" content=\"1400\" \/>\n\t<meta property=\"og:image:height\" content=\"700\" \/>\n\t<meta property=\"og:image:type\" content=\"image\/jpeg\" \/>\n<meta name=\"twitter:card\" content=\"summary_large_image\" \/>\n<meta name=\"twitter:site\" content=\"@weandmecfs\" \/>\n<meta name=\"twitter:label1\" content=\"Gesch\u00e4tzte Lesezeit\" \/>\n\t<meta name=\"twitter:data1\" content=\"1\u00a0Minute\" \/>\n<script type=\"application\/ld+json\" class=\"yoast-schema-graph\">{\"@context\":\"https:\\\/\\\/schema.org\",\"@graph\":[{\"@type\":\"WebPage\",\"@id\":\"https:\\\/\\\/www.weandmecfs.org\\\/de\\\/legal\\\/\",\"url\":\"https:\\\/\\\/www.weandmecfs.org\\\/de\\\/legal\\\/\",\"name\":\"Impressum &#8226; WE &amp; ME Stiftung\",\"isPartOf\":{\"@id\":\"https:\\\/\\\/www.weandmecfs.org\\\/de\\\/#website\"},\"datePublished\":\"2025-11-27T05:49:13+00:00\",\"dateModified\":\"2026-03-13T09:12:53+00:00\",\"description\":\"Bewusstsein, Mittel und Unterst\u00fctzung f\u00fcr #ME\\\/CFS zu sammeln.\",\"breadcrumb\":{\"@id\":\"https:\\\/\\\/www.weandmecfs.org\\\/de\\\/legal\\\/#breadcrumb\"},\"inLanguage\":\"de\",\"potentialAction\":[{\"@type\":\"ReadAction\",\"target\":[\"https:\\\/\\\/www.weandmecfs.org\\\/de\\\/legal\\\/\"]}]},{\"@type\":\"BreadcrumbList\",\"@id\":\"https:\\\/\\\/www.weandmecfs.org\\\/de\\\/legal\\\/#breadcrumb\",\"itemListElement\":[{\"@type\":\"ListItem\",\"position\":1,\"name\":\"Home\",\"item\":\"https:\\\/\\\/www.weandmecfs.org\\\/de\\\/\"},{\"@type\":\"ListItem\",\"position\":2,\"name\":\"Impressum\"}]},{\"@type\":\"WebSite\",\"@id\":\"https:\\\/\\\/www.weandmecfs.org\\\/de\\\/#website\",\"url\":\"https:\\\/\\\/www.weandmecfs.org\\\/de\\\/\",\"name\":\"WE&ME Stiftung\",\"description\":\"Raising awareness, funds and support for #ME\\\/CFS.\",\"publisher\":{\"@id\":\"https:\\\/\\\/www.weandmecfs.org\\\/de\\\/#organization\"},\"potentialAction\":[{\"@type\":\"SearchAction\",\"target\":{\"@type\":\"EntryPoint\",\"urlTemplate\":\"https:\\\/\\\/www.weandmecfs.org\\\/de\\\/?s={search_term_string}\"},\"query-input\":{\"@type\":\"PropertyValueSpecification\",\"valueRequired\":true,\"valueName\":\"search_term_string\"}}],\"inLanguage\":\"de\"},{\"@type\":\"Organization\",\"@id\":\"https:\\\/\\\/www.weandmecfs.org\\\/de\\\/#organization\",\"name\":\"WE&ME Foundation\",\"url\":\"https:\\\/\\\/www.weandmecfs.org\\\/de\\\/\",\"logo\":{\"@type\":\"ImageObject\",\"inLanguage\":\"de\",\"@id\":\"https:\\\/\\\/www.weandmecfs.org\\\/de\\\/#\\\/schema\\\/logo\\\/image\\\/\",\"url\":\"https:\\\/\\\/www.weandmecfs.org\\\/wp-content\\\/uploads\\\/2025\\\/11\\\/logo.svg\",\"contentUrl\":\"https:\\\/\\\/www.weandmecfs.org\\\/wp-content\\\/uploads\\\/2025\\\/11\\\/logo.svg\",\"width\":1,\"height\":1,\"caption\":\"WE&ME Foundation\"},\"image\":{\"@id\":\"https:\\\/\\\/www.weandmecfs.org\\\/de\\\/#\\\/schema\\\/logo\\\/image\\\/\"},\"sameAs\":[\"https:\\\/\\\/x.com\\\/weandmecfs\",\"https:\\\/\\\/www.instagram.com\\\/weandmecfs\\\/\",\"https:\\\/\\\/www.linkedin.com\\\/company\\\/we-me-foundation\\\/\"]}]}<\/script>\n<!-- \/ Yoast SEO plugin. -->","yoast_head_json":{"title":"Impressum &#8226; WE &amp; ME Stiftung","description":"Bewusstsein, Mittel und Unterst\u00fctzung f\u00fcr #ME\/CFS zu sammeln.","robots":{"index":"index","follow":"follow","max-snippet":"max-snippet:-1","max-image-preview":"max-image-preview:large","max-video-preview":"max-video-preview:-1"},"canonical":"https:\/\/www.weandmecfs.org\/de\/legal\/","og_locale":"de_DE","og_type":"article","og_title":"Impressum &#8226; WE &amp; ME Stiftung","og_description":"Bewusstsein, Mittel und Unterst\u00fctzung f\u00fcr #ME\/CFS zu sammeln.","og_url":"https:\/\/www.weandmecfs.org\/de\/legal\/","og_site_name":"WE &amp; ME Stiftung","article_modified_time":"2026-03-13T09:12:53+00:00","og_image":[{"width":1400,"height":700,"url":"https:\/\/www.weandmecfs.org\/wp-content\/uploads\/2025\/12\/defualt-1400x700-1.jpg","type":"image\/jpeg"}],"twitter_card":"summary_large_image","twitter_site":"@weandmecfs","twitter_misc":{"Gesch\u00e4tzte Lesezeit":"1\u00a0Minute"},"schema":{"@context":"https:\/\/schema.org","@graph":[{"@type":"WebPage","@id":"https:\/\/www.weandmecfs.org\/de\/legal\/","url":"https:\/\/www.weandmecfs.org\/de\/legal\/","name":"Impressum &#8226; WE &amp; ME Stiftung","isPartOf":{"@id":"https:\/\/www.weandmecfs.org\/de\/#website"},"datePublished":"2025-11-27T05:49:13+00:00","dateModified":"2026-03-13T09:12:53+00:00","description":"Bewusstsein, Mittel und Unterst\u00fctzung f\u00fcr #ME\/CFS zu sammeln.","breadcrumb":{"@id":"https:\/\/www.weandmecfs.org\/de\/legal\/#breadcrumb"},"inLanguage":"de","potentialAction":[{"@type":"ReadAction","target":["https:\/\/www.weandmecfs.org\/de\/legal\/"]}]},{"@type":"BreadcrumbList","@id":"https:\/\/www.weandmecfs.org\/de\/legal\/#breadcrumb","itemListElement":[{"@type":"ListItem","position":1,"name":"Home","item":"https:\/\/www.weandmecfs.org\/de\/"},{"@type":"ListItem","position":2,"name":"Impressum"}]},{"@type":"WebSite","@id":"https:\/\/www.weandmecfs.org\/de\/#website","url":"https:\/\/www.weandmecfs.org\/de\/","name":"WE&ME Stiftung","description":"Raising awareness, funds and support for #ME\/CFS.","publisher":{"@id":"https:\/\/www.weandmecfs.org\/de\/#organization"},"potentialAction":[{"@type":"SearchAction","target":{"@type":"EntryPoint","urlTemplate":"https:\/\/www.weandmecfs.org\/de\/?s={search_term_string}"},"query-input":{"@type":"PropertyValueSpecification","valueRequired":true,"valueName":"search_term_string"}}],"inLanguage":"de"},{"@type":"Organization","@id":"https:\/\/www.weandmecfs.org\/de\/#organization","name":"WE&ME Foundation","url":"https:\/\/www.weandmecfs.org\/de\/","logo":{"@type":"ImageObject","inLanguage":"de","@id":"https:\/\/www.weandmecfs.org\/de\/#\/schema\/logo\/image\/","url":"https:\/\/www.weandmecfs.org\/wp-content\/uploads\/2025\/11\/logo.svg","contentUrl":"https:\/\/www.weandmecfs.org\/wp-content\/uploads\/2025\/11\/logo.svg","width":1,"height":1,"caption":"WE&ME Foundation"},"image":{"@id":"https:\/\/www.weandmecfs.org\/de\/#\/schema\/logo\/image\/"},"sameAs":["https:\/\/x.com\/weandmecfs","https:\/\/www.instagram.com\/weandmecfs\/","https:\/\/www.linkedin.com\/company\/we-me-foundation\/"]}]}},"_links":{"self":[{"href":"https:\/\/www.weandmecfs.org\/de\/wp-json\/wp\/v2\/pages\/64","targetHints":{"allow":["GET"]}}],"collection":[{"href":"https:\/\/www.weandmecfs.org\/de\/wp-json\/wp\/v2\/pages"}],"about":[{"href":"https:\/\/www.weandmecfs.org\/de\/wp-json\/wp\/v2\/types\/page"}],"author":[{"embeddable":true,"href":"https:\/\/www.weandmecfs.org\/de\/wp-json\/wp\/v2\/users\/1"}],"replies":[{"embeddable":true,"href":"https:\/\/www.weandmecfs.org\/de\/wp-json\/wp\/v2\/comments?post=64"}],"version-history":[{"count":12,"href":"https:\/\/www.weandmecfs.org\/de\/wp-json\/wp\/v2\/pages\/64\/revisions"}],"predecessor-version":[{"id":1795,"href":"https:\/\/www.weandmecfs.org\/de\/wp-json\/wp\/v2\/pages\/64\/revisions\/1795"}],"wp:attachment":[{"href":"https:\/\/www.weandmecfs.org\/de\/wp-json\/wp\/v2\/media?parent=64"}],"curies":[{"name":"wp","href":"https:\/\/api.w.org\/{rel}","templated":true}]}}